{"id":1257,"date":"2023-06-20T13:34:27","date_gmt":"2023-06-20T13:34:27","guid":{"rendered":"https:\/\/www.7cbafruit.com\/store\/?post_type=product&#038;p=1257"},"modified":"2025-06-16T15:35:19","modified_gmt":"2025-06-16T15:35:19","slug":"comfruta-3l-alperce-bag-in-box","status":"publish","type":"product","link":"https:\/\/www.7cbafruit.com\/store\/produto\/comfruta-3l-alperce-bag-in-box\/","title":{"rendered":"Comfruta 3L Alperce Bag in Box"},"content":{"rendered":"<p>Esta embalagem sem ar e ao abrigo da luz permite ao sumo conservar todas as caracter\u00edsticas e aromas. Gra\u00e7as a sua torneira retr\u00e1til e \u00e1 sua bolsa o sumo est\u00e1 protegido da oxida\u00e7\u00e3o. Ap\u00f3s abertura dever\u00e1 ser consumido no prazo m\u00e1ximo de 15 dias. Produto suscet\u00edvel \u00e1 cria\u00e7\u00e3o de deposito. Deve ser armazenado em local fresco e seco. AGITAR ANTES DE USAR.<\/p>\n<p>Condi\u00e7\u00f5es Gerais:<\/p>\n<ul>\n<li>Prazo de entrega \u2013 Ap\u00f3s pagamento de mercadoria, esta ser\u00e1 encaminhada para a transportadora que em per\u00edodos ditos normais, fora de \u00e9pocas festivas, ser\u00e1 entregue entre 48h a 72h.<\/li>\n<li>N\u00e3o h\u00e1 direito de livre resolu\u00e7\u00e3o por se tratar de um produto alimentar como consta no decreto Lei n\u00ba 24\/2014 de 14 de Fevereiro, al\u00ednea j do ponto 2 do artigo n\u00ba 2<\/li>\n<\/ul>\n","protected":false},"excerpt":{"rendered":"<p>Sumo de fruta espremida, sem corantes nem conservantes. O a\u00e7\u00facar presente \u00e9 exclusivamente o presente na fruta.<\/p>\n","protected":false},"featured_media":1259,"template":"","meta":[],"product_cat":[63],"product_tag":[],"_links":{"self":[{"href":"https:\/\/www.7cbafruit.com\/store\/wp-json\/wp\/v2\/product\/1257"}],"collection":[{"href":"https:\/\/www.7cbafruit.com\/store\/wp-json\/wp\/v2\/product"}],"about":[{"href":"https:\/\/www.7cbafruit.com\/store\/wp-json\/wp\/v2\/types\/product"}],"wp:featuredmedia":[{"embeddable":true,"href":"https:\/\/www.7cbafruit.com\/store\/wp-json\/wp\/v2\/media\/1259"}],"wp:attachment":[{"href":"https:\/\/www.7cbafruit.com\/store\/wp-json\/wp\/v2\/media?parent=1257"}],"wp:term":[{"taxonomy":"product_cat","embeddable":true,"href":"https:\/\/www.7cbafruit.com\/store\/wp-json\/wp\/v2\/product_cat?post=1257"},{"taxonomy":"product_tag","embeddable":true,"href":"https:\/\/www.7cbafruit.com\/store\/wp-json\/wp\/v2\/product_tag?post=1257"}],"curies":[{"name":"wp","href":"https:\/\/api.w.org\/{rel}","templated":true}]}}